{"id":282436,"date":"2024-02-08T15:25:17","date_gmt":"2024-02-08T15:25:17","guid":{"rendered":"https:\/\/bestexcursionsenegalomar.com\/?page_id=282436"},"modified":"2024-02-08T15:25:17","modified_gmt":"2024-02-08T15:25:17","slug":"informacao-juridica","status":"publish","type":"page","link":"https:\/\/bestexcursionsenegalomar.com\/pt\/mentions-legales\/","title":{"rendered":"Informa\u00e7\u00e3o jur\u00eddica"},"content":{"rendered":"<p>[et_pb_section fb_built=\u00a0\u00bb1&Prime; custom_padding_last_edited=\u00a0\u00bbon|phone\u00a0\u00bb admin_label=\u00a0\u00bb11 Hover Box\u00a0\u00bb _builder_version=\u00a0\u00bb4.23.1&Prime; _module_preset=\u00a0\u00bbdefault\u00a0\u00bb background_color=\u00a0\u00bbrgba(123,96,22,0.13)\u00a0\u00bb background_image=\u00a0\u00bbhttps:\/\/bestexcursionsenegalomar.com\/wp-content\/uploads\/2023\/12\/Design-sans-titre-88.png\u00a0\u00bb background_size=\u00a0\u00bbcustom\u00a0\u00bb background_image_width=\u00a0\u00bb60%\u00a0\u00bb background_position=\u00a0\u00bbbottom_left\u00a0\u00bb background_horizontal_offset=\u00a0\u00bb-25%\u00a0\u00bb background_vertical_offset=\u00a0\u00bb20%\u00a0\u00bb background_blend=\u00a0\u00bbmultiply\u00a0\u00bb custom_padding=\u00a0\u00bb0px||50px||false|false\u00a0\u00bb custom_padding_tablet=\u00a0\u00bb80px||80px||true|false\u00a0\u00bb custom_padding_phone=\u00a0\u00bb0px||60px||false|false\u00a0\u00bb locked=\u00a0\u00bboff\u00a0\u00bb collapsed=\u00a0\u00bbon\u00a0\u00bb global_colors_info=\u00a0\u00bb{}\u00a0\u00bb theme_builder_area=\u00a0\u00bbpost_content\u00a0\u00bb][et_pb_row _builder_version=\u00a0\u00bb4.23.1&Prime; _module_preset=\u00a0\u00bbdefault\u00a0\u00bb width=\u00a0\u00bb90%\u00a0\u00bb max_width=\u00a0\u00bb915px\u00a0\u00bb module_alignment=\u00a0\u00bbcenter\u00a0\u00bb custom_margin=\u00a0\u00bb0px||||false|false\u00a0\u00bb custom_padding=\u00a0\u00bb0px||0px||false|false\u00a0\u00bb locked=\u00a0\u00bboff\u00a0\u00bb global_colors_info=\u00a0\u00bb{}\u00a0\u00bb width__hover_enabled=\u00a0\u00bbon|desktop\u00a0\u00bb width__hover=\u00a0\u00bb90%\u00a0\u00bb theme_builder_area=\u00a0\u00bbpost_content\u00a0\u00bb][et_pb_column type=\u00a0\u00bb4_4&Prime; _builder_version=\u00a0\u00bb4.19.5&Prime; _module_preset=\u00a0\u00bbdefault\u00a0\u00bb global_colors_info=\u00a0\u00bb{}\u00a0\u00bb theme_builder_area=\u00a0\u00bbpost_content\u00a0\u00bb][et_pb_image src=\u00a0\u00bbhttps:\/\/bestexcursionsenegalomar.com\/wp-content\/uploads\/2023\/12\/BEST-logo-22.png\u00a0\u00bb title_text=\u00a0\u00bbleaf\u00a0\u00bb align=\u00a0\u00bbcenter\u00a0\u00bb _builder_version=\u00a0\u00bb4.23.1&Prime; _module_preset=\u00a0\u00bbdefault\u00a0\u00bb width=\u00a0\u00bb30%\u00a0\u00bb width_tablet=\u00a0\u00bb30%\u00a0\u00bb width_phone=\u00a0\u00bb50%\u00a0\u00bb width_last_edited=\u00a0\u00bbon|phone\u00a0\u00bb custom_margin=\u00a0\u00bb||40px||false|false\u00a0\u00bb custom_margin_tablet=\u00a0\u00bb||40px||false|false\u00a0\u00bb custom_margin_phone=\u00a0\u00bb||60px||false|false\u00a0\u00bb custom_margin_last_edited=\u00a0\u00bbon|phone\u00a0\u00bb global_colors_info=\u00a0\u00bb{}\u00a0\u00bb theme_builder_area=\u00a0\u00bbpost_content\u00a0\u00bb][\/et_pb_image][\/et_pb_column][\/et_pb_row][et_pb_row _builder_version=\u00a0\u00bb4.23.1&Prime; _module_preset=\u00a0\u00bbdefault\u00a0\u00bb width=\u00a0\u00bb90%\u00a0\u00bb width_tablet=\u00a0\u00bb\u00a0\u00bb width_phone=\u00a0\u00bb85%\u00a0\u00bb width_last_edited=\u00a0\u00bbon|phone\u00a0\u00bb max_width=\u00a0\u00bb90%\u00a0\u00bb max_width_tablet=\u00a0\u00bb90%\u00a0\u00bb max_width_phone=\u00a0\u00bb90%\u00a0\u00bb max_width_last_edited=\u00a0\u00bbon|desktop\u00a0\u00bb module_alignment=\u00a0\u00bbcenter\u00a0\u00bb custom_padding=\u00a0\u00bb0px||0px||true|false\u00a0\u00bb global_colors_info=\u00a0\u00bb{}\u00a0\u00bb theme_builder_area=\u00a0\u00bbpost_content\u00a0\u00bb][et_pb_column type=\u00a0\u00bb4_4&Prime; _builder_version=\u00a0\u00bb4.19.1&Prime; _module_preset=\u00a0\u00bbdefault\u00a0\u00bb global_colors_info=\u00a0\u00bb{}\u00a0\u00bb theme_builder_area=\u00a0\u00bbpost_content\u00a0\u00bb][et_pb_text _builder_version=\u00a0\u00bb4.23.1&Prime; _module_preset=\u00a0\u00bbdefault\u00a0\u00bb text_font=\u00a0\u00bbInter||||||||\u00a0\u00bb text_text_color=\u00a0\u00bb#5A5A5A\u00a0\u00bb text_font_size=\u00a0\u00bb16px\u00a0\u00bb text_line_height=\u00a0\u00bb28px\u00a0\u00bb text_orientation=\u00a0\u00bbcenter\u00a0\u00bb width=\u00a0\u00bb60%\u00a0\u00bb width_tablet=\u00a0\u00bb70%\u00a0\u00bb width_phone=\u00a0\u00bb100%\u00a0\u00bb width_last_edited=\u00a0\u00bbon|desktop\u00a0\u00bb max_width=\u00a0\u00bb80%\u00a0\u00bb max_width_tablet=\u00a0\u00bb60%\u00a0\u00bb max_width_phone=\u00a0\u00bb100%\u00a0\u00bb max_width_last_edited=\u00a0\u00bbon|desktop\u00a0\u00bb module_alignment=\u00a0\u00bbcenter\u00a0\u00bb custom_padding=\u00a0\u00bb40px||40px||true|false\u00a0\u00bb custom_padding_tablet=\u00a0\u00bb40px||40px||true|false\u00a0\u00bb custom_padding_phone=\u00a0\u00bb40px||40px||true|false\u00a0\u00bb custom_padding_last_edited=\u00a0\u00bbon|desktop\u00a0\u00bb hover_enabled=\u00a0\u00bb0&Prime; text_font_size_tablet=\u00a0\u00bb15px\u00a0\u00bb text_font_size_phone=\u00a0\u00bb14px\u00a0\u00bb text_font_size_last_edited=\u00a0\u00bbon|tablet\u00a0\u00bb text_line_height_tablet=\u00a0\u00bb27px\u00a0\u00bb text_line_height_phone=\u00a0\u00bb26px\u00a0\u00bb text_line_height_last_edited=\u00a0\u00bbon|tablet\u00a0\u00bb global_colors_info=\u00a0\u00bb{}\u00a0\u00bb theme_builder_area=\u00a0\u00bbpost_content\u00a0\u00bb sticky_enabled=\u00a0\u00bb0&Prime;]<\/p>\n<div class=\"page\" title=\"Page 1\">\n<div class=\"section\">\n<div class=\"section\">\n<div class=\"layoutArea\">\n<div class=\"column\">\n<div class=\"page\" title=\"Page 1\">\n<div class=\"section\">\n<div class=\"section\">\n<div class=\"layoutArea\">\n<div class=\"column\">\n<h1>Mentions L\u00e9gales\u00a0<\/h1>\n<h2><span id=\"lwptoc20\">1 &#8211; \u00c9dition du site<\/span><\/h2>\n<p>En vertu de<span>\u00a0<\/span><a href=\"https:\/\/www.legifrance.gouv.fr\/affichTexte.do?cidTexte=JORFTEXT000000801164#LEGIARTI000042038977\" target=\"_blank\" rel=\"noreferrer noopener\">l&rsquo;article 6 de la loi n\u00b0 2004-575 du 21 juin 2004<\/a><span>\u00a0<\/span>pour la confiance dans l&rsquo;\u00e9conomie num\u00e9rique, il est pr\u00e9cis\u00e9 aux utilisateurs du site internet<span>\u00a0<\/span><strong><span class=\"ff_dynamic_value\" data-ref=\"url\" data-fallback=\"\">https:\/\/bestexcursionsenegalomar.com\/<\/span><\/strong><span>\u00a0<\/span>l&rsquo;identit\u00e9 des diff\u00e9rents intervenants dans le cadre de sa r\u00e9alisation et de son suivi:<\/p>\n<p><strong>Propri\u00e9taire du site :<span>\u00a0<\/span><\/strong><span class=\"ff_dynamic_value\" data-ref=\"nom_proprietaire\" data-fallback=\"\">Amadou Thiam<\/span><span>\u00a0<\/span>&#8211; Contact :<span>\u00a0<\/span><span class=\"ff_dynamic_value\" data-ref=\"e_mail_contact\" data-fallback=\"\">amadouthomar@outlook.com<\/span><span>\u00a0<\/span><span class=\"ff_dynamic_value\" data-ref=\"telephone\" data-fallback=\"\">+221 77 358 89 49<\/span><span>\u00a0<\/span>&#8211;<span>\u00a0<\/span><span class=\"ff_dynamic_value\" data-ref=\"adresse_postale\" data-fallback=\"\">S\u00e9n\u00e9gal<\/span><\/p>\n<p><strong>H\u00e9bergeur :<\/strong><span>\u00a0<\/span><span class=\"ff_dynamic_value\" data-ref=\"nom_hebergeur\" data-fallback=\"\">Hostinger<\/span><span class=\"ff_dynamic_value\" data-ref=\"adresse_hebergeur\" data-fallback=\"\"><\/span><span class=\"ff_dynamic_value\" data-ref=\"telephone_hebergeur\" data-fallback=\"\"><\/span><\/p>\n<p><strong>D\u00e9l\u00e9gu\u00e9 \u00e0 la protection des donn\u00e9es :<span>\u00a0<\/span><\/strong><span class=\"ff_dynamic_value\" data-ref=\"dpo\" data-fallback=\"\">Amadou Thiam<\/span><span>\u00a0<\/span>&#8211;<span>\u00a0<\/span><span class=\"ff_dynamic_value\" data-ref=\"contact_dpo\" data-fallback=\"\">amadouthomar@outlook.com<\/span><\/p>\n<p><strong>Autres contributeurs :<\/strong><span class=\"ff_dynamic_value\" data-ref=\"autres_contributeurs\" data-fallback=\"\"><\/span><\/p>\n<hr class=\"wp-block-separator\" \/>\n<h2><span id=\"lwptoc21\">2 &#8211; Propri\u00e9t\u00e9 intellectuelle et contrefa\u00e7ons.<\/span><\/h2>\n<p><strong><span class=\"ff_dynamic_value\" data-ref=\"nom_proprietaire\" data-fallback=\"\">Amadou Thiam<\/span><\/strong><span>\u00a0<\/span>est propri\u00e9taire des droits de propri\u00e9t\u00e9 intellectuelle et d\u00e9tient les droits d\u2019usage sur tous les \u00e9l\u00e9ments accessibles sur le site internet, notamment les textes, images, graphismes, logos, vid\u00e9os, architecture, ic\u00f4nes et sons.<\/p>\n<p>Toute reproduction, repr\u00e9sentation, modification, publication, adaptation de tout ou partie des \u00e9l\u00e9ments du site, quel que soit le moyen ou le proc\u00e9d\u00e9 utilis\u00e9, est interdite, sauf autorisation \u00e9crite pr\u00e9alable de<span>\u00a0<\/span><strong><span class=\"ff_dynamic_value\" data-ref=\"nom_proprietaire\" data-fallback=\"\">Amadou Thiam<\/span><\/strong>.<\/p>\n<p>Toute exploitation non autoris\u00e9e du site ou de l\u2019un quelconque des \u00e9l\u00e9ments qu\u2019il contient sera consid\u00e9r\u00e9e comme constitutive d\u2019une contrefa\u00e7on et poursuivie conform\u00e9ment aux dispositions des articles<span>\u00a0<\/span><a href=\"https:\/\/www.legifrance.gouv.fr\/affichCodeArticle.do?idArticle=LEGIARTI000032655082&amp;cidTexte=LEGITEXT000006069414&amp;dateTexte=20160605\" target=\"_blank\" rel=\"noreferrer nofollow noopener\">L.335-2 et suivants du Code de Propri\u00e9t\u00e9 Intellectuelle<\/a>.<\/p>\n<hr class=\"wp-block-separator\" \/>\n<h2><span id=\"lwptoc22\">3 &#8211; Limitations de responsabilit\u00e9.<\/span><\/h2>\n<p><strong><span class=\"ff_dynamic_value\" data-ref=\"nom_proprietaire\" data-fallback=\"\">Amadou Thiam<\/span><\/strong><span>\u00a0<\/span>ne pourra \u00eatre tenu pour responsable des dommages directs et indirects caus\u00e9s au mat\u00e9riel de l\u2019utilisateur, lors de l\u2019acc\u00e8s au site<span>\u00a0<\/span><strong><span class=\"ff_dynamic_value\" data-ref=\"url\" data-fallback=\"\">https:\/\/bestexcursionsenegalomar.com\/<\/span><\/strong>.<\/p>\n<p><strong><span class=\"ff_dynamic_value\" data-ref=\"nom_proprietaire\" data-fallback=\"\">Amadou Thiam<\/span><\/strong><span>\u00a0<\/span>d\u00e9cline toute responsabilit\u00e9 quant \u00e0 l\u2019utilisation qui pourrait \u00eatre faite des informations et contenus pr\u00e9sents sur<span>\u00a0<\/span><strong><span class=\"ff_dynamic_value\" data-ref=\"url\" data-fallback=\"\">https:\/\/bestexcursionsenegalomar.com\/<\/span><\/strong>.<\/p>\n<p><strong><span class=\"ff_dynamic_value\" data-ref=\"nom_proprietaire\" data-fallback=\"\">Amadou Thiam<\/span><\/strong><span>\u00a0<\/span>s\u2019engage \u00e0 s\u00e9curiser au mieux le site<span>\u00a0<\/span><strong><span class=\"ff_dynamic_value\" data-ref=\"url\" data-fallback=\"\">https:\/\/bestexcursionsenegalomar.com\/<\/span><\/strong>, cependant sa responsabilit\u00e9 ne pourra \u00eatre mise en cause si des donn\u00e9es ind\u00e9sirables sont import\u00e9es et install\u00e9es sur son site \u00e0 son insu.<\/p>\n<p>Des espaces interactifs (espace contact ou commentaires) sont \u00e0 la disposition des utilisateurs.<span>\u00a0<\/span><strong><span class=\"ff_dynamic_value\" data-ref=\"nom_proprietaire\" data-fallback=\"\">Amadou Thiam<\/span><\/strong><span>\u00a0<\/span>se r\u00e9serve le droit de supprimer, sans mise en demeure pr\u00e9alable, tout contenu d\u00e9pos\u00e9 dans cet espace qui contreviendrait \u00e0 la l\u00e9gislation applicable en France, en particulier aux dispositions relatives \u00e0 la protection des donn\u00e9es.<\/p>\n<p>Le cas \u00e9ch\u00e9ant,<span>\u00a0<\/span><strong><span class=\"ff_dynamic_value\" data-ref=\"nom_proprietaire\" data-fallback=\"\">Amadou Thiam<\/span><\/strong><span>\u00a0<\/span>se r\u00e9serve \u00e9galement la possibilit\u00e9 de mettre en cause la responsabilit\u00e9 civile et\/ou p\u00e9nale de l\u2019utilisateur, notamment en cas de message \u00e0 caract\u00e8re raciste, injurieux, diffamant, ou pornographique, quel que soit le support utilis\u00e9 (texte, photographie \u2026).<\/p>\n<hr class=\"wp-block-separator\" \/>\n<h2><span id=\"lwptoc23\">4 &#8211; CNIL et gestion des donn\u00e9es personnelles.<\/span><\/h2>\n<p>Conform\u00e9ment aux dispositions de<span>\u00a0<\/span><a href=\"https:\/\/www.legifrance.gouv.fr\/affichTexte.do?cidTexte=JORFTEXT000000886460\" target=\"_blank\" rel=\"noreferrer nofollow noopener\">la loi 78-17 du 6 janvier 1978 modifi\u00e9e<\/a>, l\u2019utilisateur du site<span>\u00a0<\/span><strong><span class=\"ff_dynamic_value\" data-ref=\"url\" data-fallback=\"\">https:\/\/bestexcursionsenegalomar.com\/<\/span><\/strong><span>\u00a0<\/span>dispose d\u2019un droit d\u2019acc\u00e8s, de modification et de suppression des informations collect\u00e9es. Pour exercer ce droit, envoyez un message \u00e0 notre D\u00e9l\u00e9gu\u00e9 \u00e0 la Protection des Donn\u00e9es :<span>\u00a0<\/span><strong><span class=\"ff_dynamic_value\" data-ref=\"dpo\" data-fallback=\"\">Amadou Thiam<\/span><\/strong><span>\u00a0<\/span>&#8211;<span>\u00a0<\/span><strong><span class=\"ff_dynamic_value\" data-ref=\"contact_dpo\" data-fallback=\"\">amadouthomar@outlook.com<\/span><\/strong>.<\/p>\n<p>Pour plus d&rsquo;informations sur la fa\u00e7on dont nous traitons vos donn\u00e9es (type de donn\u00e9es, finalit\u00e9, destinataire&#8230;), lisez notre<span>\u00a0<\/span><strong><span class=\"ff_dynamic_value\" data-ref=\"politique_confidentialite\" data-fallback=\"\">https:\/\/bestexcursionsenegalomar.com\/politique-de-confidentialite\/<\/span><\/strong>.<span>\u00a0<\/span><\/p>\n<hr class=\"wp-block-separator\" \/>\n<h2><span id=\"lwptoc24\">5 &#8211; Liens hypertextes et cookies<\/span><\/h2>\n<p>Le site<span>\u00a0<\/span><strong><span class=\"ff_dynamic_value\" data-ref=\"url\" data-fallback=\"\">https:\/\/bestexcursionsenegalomar.com\/<\/span><\/strong><span>\u00a0<\/span>contient des liens hypertextes vers d\u2019autres sites et d\u00e9gage toute responsabilit\u00e9 \u00e0 propos de ces liens externes ou des liens cr\u00e9\u00e9s par d\u2019autres sites vers<span>\u00a0<\/span><strong><span class=\"ff_dynamic_value\" data-ref=\"url\" data-fallback=\"\">https:\/\/bestexcursionsenegalomar.com\/<\/span><\/strong>.<\/p>\n<p>La navigation sur le site<span>\u00a0<\/span><strong><span class=\"ff_dynamic_value\" data-ref=\"url\" data-fallback=\"\">https:\/\/bestexcursionsenegalomar.com\/<\/span><\/strong><span>\u00a0<\/span>est susceptible de provoquer l\u2019installation de cookie(s) sur l\u2019ordinateur de l\u2019utilisateur.<\/p>\n<p>Un \u00ab\u00a0cookie\u00a0\u00bb est un fichier de petite taille qui enregistre des informations relatives \u00e0 la navigation d\u2019un utilisateur sur un site. Les donn\u00e9es ainsi obtenues permettent d&rsquo;obtenir des mesures de fr\u00e9quentation, par exemple.<\/p>\n<p>Vous avez la possibilit\u00e9<span>\u00a0<\/span><strong>d\u2019accepter ou de refuser les cookies<\/strong><span>\u00a0<\/span>en modifiant les param\u00e8tres de votre navigateur. Aucun cookie ne sera d\u00e9pos\u00e9 sans votre consentement.<\/p>\n<p>Les cookies sont enregistr\u00e9s pour une dur\u00e9e maximale de<span>\u00a0<\/span><span class=\"ff_dynamic_value\" data-ref=\"cookies\" data-fallback=\"\">12<\/span><span>\u00a0<\/span>mois.<\/p>\n<p>Pour plus d&rsquo;informations sur la fa\u00e7on dont nous faisons usage des cookies, lisez notre<span>\u00a0<\/span><strong><span class=\"ff_dynamic_value\" data-ref=\"politique_confidentialite\" data-fallback=\"\">https:\/\/bestexcursionsenegalomar.com\/politique-de-confidentialite\/<\/span><\/strong><\/p>\n<hr class=\"wp-block-separator\" \/>\n<p>&nbsp;<\/p>\n<\/div>\n<\/div>\n<\/div>\n<\/div>\n<\/div>\n<\/div>\n<\/div>\n<\/div>\n<\/div>\n<\/div>\n<p>[\/et_pb_text][\/et_pb_column][\/et_pb_row][\/et_pb_section]<\/p>\n","protected":false},"excerpt":{"rendered":"<p>Mentions L\u00e9gales\u00a0 1 &#8211; \u00c9dition du site En vertu de\u00a0l&rsquo;article 6 de la loi n\u00b0 2004-575 du 21 juin 2004\u00a0pour la confiance dans l&rsquo;\u00e9conomie num\u00e9rique, il est pr\u00e9cis\u00e9 aux utilisateurs du site internet\u00a0https:\/\/bestexcursionsenegalomar.com\/\u00a0l&rsquo;identit\u00e9 des diff\u00e9rents intervenants dans le cadre de sa r\u00e9alisation et de son suivi: Propri\u00e9taire du site :\u00a0Amadou Thiam\u00a0&#8211; Contact :\u00a0amadouthomar@outlook.com\u00a0+221 77 358 [&hellip;]<\/p>\n","protected":false},"author":1,"featured_media":0,"parent":0,"menu_order":0,"comment_status":"closed","ping_status":"closed","template":"","meta":{"_et_pb_use_builder":"on","_et_pb_old_content":"","_et_gb_content_width":"","footnotes":""},"difl_page_category":[],"class_list":["post-282436","page","type-page","status-publish","hentry"],"yoast_head":"<!-- This site is optimized with the Yoast SEO plugin v27.3 - https:\/\/yoast.com\/product\/yoast-seo-wordpress\/ -->\n<title>Mentions L\u00e9gales - Best Excursion S\u00e9n\u00e9gal<\/title>\n<meta name=\"robots\" content=\"index, follow, max-snippet:-1, max-image-preview:large, max-video-preview:-1\" \/>\n<link rel=\"canonical\" href=\"https:\/\/bestexcursionsenegalomar.com\/pt\/informacao-juridica\/\" \/>\n<meta property=\"og:locale\" content=\"pt_PT\" \/>\n<meta property=\"og:type\" content=\"article\" \/>\n<meta property=\"og:title\" content=\"Mentions L\u00e9gales - Best Excursion S\u00e9n\u00e9gal\" \/>\n<meta property=\"og:description\" content=\"Mentions L\u00e9gales\u00a0 1 - \u00c9dition du site En vertu de\u00a0l&#039;article 6 de la loi n\u00b0 2004-575 du 21 juin 2004\u00a0pour la confiance dans l&#039;\u00e9conomie num\u00e9rique, il est pr\u00e9cis\u00e9 aux utilisateurs du site internet\u00a0https:\/\/bestexcursionsenegalomar.com\/\u00a0l&#039;identit\u00e9 des diff\u00e9rents intervenants dans le cadre de sa r\u00e9alisation et de son suivi: Propri\u00e9taire du site :\u00a0Amadou Thiam\u00a0- Contact :\u00a0amadouthomar@outlook.com\u00a0+221 77 358 [&hellip;]\" \/>\n<meta property=\"og:url\" content=\"https:\/\/bestexcursionsenegalomar.com\/pt\/informacao-juridica\/\" \/>\n<meta property=\"og:site_name\" content=\"Best Excursion S\u00e9n\u00e9gal\" \/>\n<meta name=\"twitter:card\" content=\"summary_large_image\" \/>\n<script type=\"application\/ld+json\" class=\"yoast-schema-graph\">{\"@context\":\"https:\\\/\\\/schema.org\",\"@graph\":[{\"@type\":\"WebPage\",\"@id\":\"https:\\\/\\\/bestexcursionsenegalomar.com\\\/mentions-legales\\\/\",\"url\":\"https:\\\/\\\/bestexcursionsenegalomar.com\\\/mentions-legales\\\/\",\"name\":\"Mentions L\u00e9gales - Best Excursion S\u00e9n\u00e9gal\",\"isPartOf\":{\"@id\":\"https:\\\/\\\/bestexcursionsenegalomar.com\\\/#website\"},\"datePublished\":\"2024-02-08T15:25:17+00:00\",\"breadcrumb\":{\"@id\":\"https:\\\/\\\/bestexcursionsenegalomar.com\\\/mentions-legales\\\/#breadcrumb\"},\"inLanguage\":\"pt-PT\",\"potentialAction\":[{\"@type\":\"ReadAction\",\"target\":[\"https:\\\/\\\/bestexcursionsenegalomar.com\\\/mentions-legales\\\/\"]}]},{\"@type\":\"BreadcrumbList\",\"@id\":\"https:\\\/\\\/bestexcursionsenegalomar.com\\\/mentions-legales\\\/#breadcrumb\",\"itemListElement\":[{\"@type\":\"ListItem\",\"position\":1,\"name\":\"Accueil\",\"item\":\"https:\\\/\\\/bestexcursionsenegalomar.com\\\/\"},{\"@type\":\"ListItem\",\"position\":2,\"name\":\"Mentions L\u00e9gales\"}]},{\"@type\":\"WebSite\",\"@id\":\"https:\\\/\\\/bestexcursionsenegalomar.com\\\/#website\",\"url\":\"https:\\\/\\\/bestexcursionsenegalomar.com\\\/\",\"name\":\"Best Excursion S\u00e9n\u00e9gal\",\"description\":\"\",\"potentialAction\":[{\"@type\":\"SearchAction\",\"target\":{\"@type\":\"EntryPoint\",\"urlTemplate\":\"https:\\\/\\\/bestexcursionsenegalomar.com\\\/?s={search_term_string}\"},\"query-input\":{\"@type\":\"PropertyValueSpecification\",\"valueRequired\":true,\"valueName\":\"search_term_string\"}}],\"inLanguage\":\"pt-PT\"}]}<\/script>\n<!-- \/ Yoast SEO plugin. -->","yoast_head_json":{"title":"Aviso legal - Best Excursion Senegal","robots":{"index":"index","follow":"follow","max-snippet":"max-snippet:-1","max-image-preview":"max-image-preview:large","max-video-preview":"max-video-preview:-1"},"canonical":"https:\/\/bestexcursionsenegalomar.com\/pt\/informacao-juridica\/","og_locale":"pt_PT","og_type":"article","og_title":"Mentions L\u00e9gales - Best Excursion S\u00e9n\u00e9gal","og_description":"Mentions L\u00e9gales\u00a0 1 - \u00c9dition du site En vertu de\u00a0l'article 6 de la loi n\u00b0 2004-575 du 21 juin 2004\u00a0pour la confiance dans l'\u00e9conomie num\u00e9rique, il est pr\u00e9cis\u00e9 aux utilisateurs du site internet\u00a0https:\/\/bestexcursionsenegalomar.com\/\u00a0l'identit\u00e9 des diff\u00e9rents intervenants dans le cadre de sa r\u00e9alisation et de son suivi: Propri\u00e9taire du site :\u00a0Amadou Thiam\u00a0- Contact :\u00a0amadouthomar@outlook.com\u00a0+221 77 358 [&hellip;]","og_url":"https:\/\/bestexcursionsenegalomar.com\/pt\/informacao-juridica\/","og_site_name":"Best Excursion S\u00e9n\u00e9gal","twitter_card":"summary_large_image","schema":{"@context":"https:\/\/schema.org","@graph":[{"@type":"WebPage","@id":"https:\/\/bestexcursionsenegalomar.com\/mentions-legales\/","url":"https:\/\/bestexcursionsenegalomar.com\/mentions-legales\/","name":"Aviso legal - Best Excursion Senegal","isPartOf":{"@id":"https:\/\/bestexcursionsenegalomar.com\/#website"},"datePublished":"2024-02-08T15:25:17+00:00","breadcrumb":{"@id":"https:\/\/bestexcursionsenegalomar.com\/mentions-legales\/#breadcrumb"},"inLanguage":"pt-PT","potentialAction":[{"@type":"ReadAction","target":["https:\/\/bestexcursionsenegalomar.com\/mentions-legales\/"]}]},{"@type":"BreadcrumbList","@id":"https:\/\/bestexcursionsenegalomar.com\/mentions-legales\/#breadcrumb","itemListElement":[{"@type":"ListItem","position":1,"name":"Accueil","item":"https:\/\/bestexcursionsenegalomar.com\/"},{"@type":"ListItem","position":2,"name":"Mentions L\u00e9gales"}]},{"@type":"WebSite","@id":"https:\/\/bestexcursionsenegalomar.com\/#website","url":"https:\/\/bestexcursionsenegalomar.com\/","name":"Melhor Excurs\u00e3o Senegal","description":"","potentialAction":[{"@type":"SearchAction","target":{"@type":"EntryPoint","urlTemplate":"https:\/\/bestexcursionsenegalomar.com\/?s={search_term_string}"},"query-input":{"@type":"PropertyValueSpecification","valueRequired":true,"valueName":"search_term_string"}}],"inLanguage":"pt-PT"}]}},"_links":{"self":[{"href":"https:\/\/bestexcursionsenegalomar.com\/pt\/wp-json\/wp\/v2\/pages\/282436","targetHints":{"allow":["GET"]}}],"collection":[{"href":"https:\/\/bestexcursionsenegalomar.com\/pt\/wp-json\/wp\/v2\/pages"}],"about":[{"href":"https:\/\/bestexcursionsenegalomar.com\/pt\/wp-json\/wp\/v2\/types\/page"}],"author":[{"embeddable":true,"href":"https:\/\/bestexcursionsenegalomar.com\/pt\/wp-json\/wp\/v2\/users\/1"}],"replies":[{"embeddable":true,"href":"https:\/\/bestexcursionsenegalomar.com\/pt\/wp-json\/wp\/v2\/comments?post=282436"}],"version-history":[{"count":2,"href":"https:\/\/bestexcursionsenegalomar.com\/pt\/wp-json\/wp\/v2\/pages\/282436\/revisions"}],"predecessor-version":[{"id":282438,"href":"https:\/\/bestexcursionsenegalomar.com\/pt\/wp-json\/wp\/v2\/pages\/282436\/revisions\/282438"}],"wp:attachment":[{"href":"https:\/\/bestexcursionsenegalomar.com\/pt\/wp-json\/wp\/v2\/media?parent=282436"}],"wp:term":[{"taxonomy":"difl_page_category","embeddable":true,"href":"https:\/\/bestexcursionsenegalomar.com\/pt\/wp-json\/wp\/v2\/difl_page_category?post=282436"}],"curies":[{"name":"wp","href":"https:\/\/api.w.org\/{rel}","templated":true}]}}